{"id":10715,"date":"2025-10-01T12:47:01","date_gmt":"2025-10-01T12:47:01","guid":{"rendered":"https:\/\/www.parcozoopuntaverde.it\/?page_id=10715"},"modified":"2025-10-12T11:39:50","modified_gmt":"2025-10-12T11:39:50","slug":"natureforall-3","status":"publish","type":"page","link":"https:\/\/www.parcozoopuntaverde.it\/en\/natureforall-3\/","title":{"rendered":"#NatureForAll"},"content":{"rendered":"\t\t<div data-elementor-type=\"wp-page\" data-elementor-id=\"10715\" class=\"elementor elementor-10715 elementor-10714\" data-elementor-post-type=\"page\">\n\t\t\t\t\t\t<section class=\"elementor-section elementor-top-section elementor-element elementor-element-a8fc596 elementor-section-height-min-height elementor-section-boxed elementor-section-height-default elementor-section-items-middle\" data-id=\"a8fc596\" data-element_type=\"section\" data-settings=\"{&quot;background_background&quot;:&quot;classic&quot;}\">\n\t\t\t\t\t\t\t<div class=\"elementor-background-overlay\"><\/div>\n\t\t\t\t\t\t\t<div class=\"elementor-container elementor-column-gap-default\">\n\t\t\t\t\t<div class=\"elementor-column elementor-col-100 elementor-top-column elementor-element elementor-element-aaeb944\" data-id=\"aaeb944\" data-element_type=\"column\">\n\t\t\t<div class=\"elementor-widget-wrap\">\n\t\t\t\t\t\t\t<\/div>\n\t\t<\/div>\n\t\t\t\t\t<\/div>\n\t\t<\/section>\n\t\t\t\t<section class=\"elementor-section elementor-top-section elementor-element elementor-element-b95f002 elementor-section-boxed elementor-section-height-default elementor-section-height-default\" data-id=\"b95f002\" data-element_type=\"section\">\n\t\t\t\t\t\t<div class=\"elementor-container elementor-column-gap-default\">\n\t\t\t\t\t<div class=\"elementor-column elementor-col-100 elementor-top-column elementor-element elementor-element-b3bb0ac\" data-id=\"b3bb0ac\" data-element_type=\"column\">\n\t\t\t<div class=\"elementor-widget-wrap\">\n\t\t\t\t\t\t\t<\/div>\n\t\t<\/div>\n\t\t\t\t\t<\/div>\n\t\t<\/section>\n\t\t\t\t<section class=\"elementor-section elementor-top-section elementor-element elementor-element-f48ebf2 elementor-section-boxed elementor-section-height-default elementor-section-height-default\" data-id=\"f48ebf2\" data-element_type=\"section\">\n\t\t\t\t\t\t<div class=\"elementor-container elementor-column-gap-default\">\n\t\t\t\t\t<div class=\"elementor-column elementor-col-100 elementor-top-column elementor-element elementor-element-2f4e692\" data-id=\"2f4e692\" data-element_type=\"column\">\n\t\t\t<div class=\"elementor-widget-wrap elementor-element-populated\">\n\t\t\t\t\t\t<div class=\"elementor-element elementor-element-fe4e94f elementor-widget elementor-widget-text-editor\" data-id=\"fe4e94f\" data-element_type=\"widget\" data-widget_type=\"text-editor.default\">\n\t\t\t\t<div class=\"elementor-widget-container\">\n\t\t\t\t\t\t\t\t\t<p>L&#8217;iniziativa <strong>#NatureForAll<\/strong> \u00e8 un movimento globale che promuove l&#8217;amore per la natura.<\/p><p>Promosso dall&#8217;Unione Internazionale per la Conservazione della Natura (<strong>IUCN<\/strong>), \u00e8 uno spazio di incontro per organizzazioni di tutto il mondo che vogliono condividere successi, trovare modi per collaborare e celebrare lo straordinario lavoro svolto a livello globale per affrontare le minacce del cambiamento climatico, della perdita di biodiversit\u00e0 e dell&#8217;inquinamento.<\/p><p>Il movimento \u00e8 guidato alla Commissione IUCN per l&#8217;istruzione e la comunicazione (CEC), la Commissione mondiale IUCN per le aree protette (WCPA), <a href=\"https:\/\/alana.org.br\/en\/\">l&#8217;Alana Institute<\/a> , il <a href=\"http:\/\/www.childrenandnature.org\/\">Children &amp; Nature Network<\/a> , <a href=\"https:\/\/parks.canada.ca\/\">Parks Canada<\/a> e la <a href=\"https:\/\/forests.org\/\">Sustainable Forestry Initiative<\/a>.<\/p>\t\t\t\t\t\t\t\t<\/div>\n\t\t\t\t<\/div>\n\t\t\t\t\t<\/div>\n\t\t<\/div>\n\t\t\t\t\t<\/div>\n\t\t<\/section>\n\t\t\t\t<section class=\"elementor-section elementor-top-section elementor-element elementor-element-d017879 elementor-section-boxed elementor-section-height-default elementor-section-height-default\" data-id=\"d017879\" data-element_type=\"section\">\n\t\t\t\t\t\t<div class=\"elementor-container elementor-column-gap-default\">\n\t\t\t\t\t<div class=\"elementor-column elementor-col-100 elementor-top-column elementor-element elementor-element-604a930\" data-id=\"604a930\" data-element_type=\"column\">\n\t\t\t<div class=\"elementor-widget-wrap elementor-element-populated\">\n\t\t\t\t\t\t<div class=\"elementor-element elementor-element-5324fb3 elementor-widget elementor-widget-text-editor\" data-id=\"5324fb3\" data-element_type=\"widget\" data-widget_type=\"text-editor.default\">\n\t\t\t\t<div class=\"elementor-widget-container\">\n\t\t\t\t\t\t\t\t\t<p>Unisciti anche tu al movimento #Natureforall, all\u2019uscita del Parco un cartello con il codice QR ti consentir\u00e0 di rispondere alla domanda<strong> \u201cPerch\u00e9 ami la Natura e perch\u00e9 per te \u00e8 importante?\u201d<\/strong><\/p><p>Se hai gi\u00e0 visitato il Parco e ti sei dimenticato di partecipare clicca <a href=\"https:\/\/it.surveymonkey.com\/r\/WTQR6TM\"><strong>QUI<\/strong>\u00a0<\/a><\/p>\t\t\t\t\t\t\t\t<\/div>\n\t\t\t\t<\/div>\n\t\t\t\t\t<\/div>\n\t\t<\/div>\n\t\t\t\t\t<\/div>\n\t\t<\/section>\n\t\t\t\t<section class=\"elementor-section elementor-top-section elementor-element elementor-element-d4ab946 elementor-section-boxed elementor-section-height-default elementor-section-height-default\" data-id=\"d4ab946\" data-element_type=\"section\">\n\t\t\t\t\t\t<div class=\"elementor-container elementor-column-gap-default\">\n\t\t\t\t\t<div class=\"elementor-column elementor-col-100 elementor-top-column elementor-element elementor-element-5530b0b\" data-id=\"5530b0b\" data-element_type=\"column\">\n\t\t\t<div class=\"elementor-widget-wrap elementor-element-populated\">\n\t\t\t\t\t\t<div class=\"elementor-element elementor-element-71b4327 elementor-widget elementor-widget-image\" data-id=\"71b4327\" data-element_type=\"widget\" data-widget_type=\"image.default\">\n\t\t\t\t<div class=\"elementor-widget-container\">\n\t\t\t\t\t\t\t\t\t\t\t\t\t\t\t<img fetchpriority=\"high\" decoding=\"async\" width=\"800\" height=\"686\" src=\"https:\/\/www.parcozoopuntaverde.it\/wp-content\/uploads\/2025\/05\/NATURE-FOR-ALL_70x60_esec.jpg\" class=\"attachment-large size-large wp-image-9906\" alt=\"\" \/>\t\t\t\t\t\t\t\t\t\t\t\t\t\t\t<\/div>\n\t\t\t\t<\/div>\n\t\t\t\t\t<\/div>\n\t\t<\/div>\n\t\t\t\t\t<\/div>\n\t\t<\/section>\n\t\t\t\t<section class=\"elementor-section elementor-top-section elementor-element elementor-element-008546c elementor-section-boxed elementor-section-height-default elementor-section-height-default\" data-id=\"008546c\" data-element_type=\"section\">\n\t\t\t\t\t\t<div class=\"elementor-container elementor-column-gap-default\">\n\t\t\t\t\t<div class=\"elementor-column elementor-col-100 elementor-top-column elementor-element elementor-element-0d1f46e\" data-id=\"0d1f46e\" data-element_type=\"column\">\n\t\t\t<div class=\"elementor-widget-wrap elementor-element-populated\">\n\t\t\t\t\t\t<div class=\"elementor-element elementor-element-5372e98 elementor-widget elementor-widget-text-editor\" data-id=\"5372e98\" data-element_type=\"widget\" data-widget_type=\"text-editor.default\">\n\t\t\t\t<div class=\"elementor-widget-container\">\n\t\t\t\t\t\t\t\t\t<h3><em>&#8220;Alla fine conserveremo solo ci\u00f2 che amiamo; ameremo solo ci\u00f2 che comprendiamo; e comprenderemo solo ci\u00f2 che ci \u00e8 stato insegnato&#8221;.<\/em><\/h3><h3>\u00a0 \u00a0 \u00a0 \u00a0 \u00a0 \u00a0 \u00a0 \u00a0 \u00a0 \u00a0 \u00a0 \u00a0 \u00a0 \u00a0 \u00a0 \u00a0 \u00a0 \u00a0 \u00a0 \u00a0 \u00a0 \u00a0 \u00a0 \u00a0 \u00a0 \u00a0 \u00a0 \u00a0 \u00a0 \u00a0 \u00a0 \u00a0 \u00a0 \u00a0 \u00a0 \u00a0 \u00a0 \u00a0 \u00a0 \u00a0 \u00a0 \u00a0 \u00a0 \u00a0 \u00a0 \u00a0 \u00a0 \u00a0 \u00a0 \u00a0 \u00a0 \u00a0 \u00a0 \u00a0 \u00a0 \u00a0 \u00a0 \u00a0 \u00a0 \u00a0 \u00a0 \u00a0 \u00a0 \u00a0 Baba Dioum<\/h3>\t\t\t\t\t\t\t\t<\/div>\n\t\t\t\t<\/div>\n\t\t\t\t\t<\/div>\n\t\t<\/div>\n\t\t\t\t\t<\/div>\n\t\t<\/section>\n\t\t\t\t<\/div>\n\t\t","protected":false},"excerpt":{"rendered":"<p>L&#8217;iniziativa #NatureForAll \u00e8 un movimento globale che promuove l&#8217;amore per la natura. Promosso dall&#8217;Unione Internazionale per la Conservazione della Natura (IUCN), \u00e8 uno spazio di incontro per organizzazioni di tutto il mondo che vogliono condividere successi, trovare modi per collaborare e celebrare lo straordinario lavoro svolto a livello globale per affrontare le minacce del cambiamento [&hellip;]<\/p>\n","protected":false},"author":2,"featured_media":0,"parent":0,"menu_order":0,"comment_status":"closed","ping_status":"closed","template":"","meta":{"_acf_changed":false,"_mo_disable_npp":"","footnotes":""},"class_list":["post-10715","page","type-page","status-publish","hentry"],"acf":[],"_links":{"self":[{"href":"https:\/\/www.parcozoopuntaverde.it\/en\/wp-json\/wp\/v2\/pages\/10715","targetHints":{"allow":["GET"]}}],"collection":[{"href":"https:\/\/www.parcozoopuntaverde.it\/en\/wp-json\/wp\/v2\/pages"}],"about":[{"href":"https:\/\/www.parcozoopuntaverde.it\/en\/wp-json\/wp\/v2\/types\/page"}],"author":[{"embeddable":true,"href":"https:\/\/www.parcozoopuntaverde.it\/en\/wp-json\/wp\/v2\/users\/2"}],"replies":[{"embeddable":true,"href":"https:\/\/www.parcozoopuntaverde.it\/en\/wp-json\/wp\/v2\/comments?post=10715"}],"version-history":[{"count":1,"href":"https:\/\/www.parcozoopuntaverde.it\/en\/wp-json\/wp\/v2\/pages\/10715\/revisions"}],"predecessor-version":[{"id":10755,"href":"https:\/\/www.parcozoopuntaverde.it\/en\/wp-json\/wp\/v2\/pages\/10715\/revisions\/10755"}],"wp:attachment":[{"href":"https:\/\/www.parcozoopuntaverde.it\/en\/wp-json\/wp\/v2\/media?parent=10715"}],"curies":[{"name":"wp","href":"https:\/\/api.w.org\/{rel}","templated":true}]}}