{"id":11101,"date":"2025-11-01T12:45:43","date_gmt":"2025-11-01T12:45:43","guid":{"rendered":"https:\/\/www.parcozoopuntaverde.it\/?page_id=11101"},"modified":"2025-11-01T12:45:43","modified_gmt":"2025-11-01T12:45:43","slug":"privacy-policy-2","status":"publish","type":"page","link":"https:\/\/www.parcozoopuntaverde.it\/en\/privacy-policy-2\/","title":{"rendered":"Privacy Policy"},"content":{"rendered":"\t\t<div data-elementor-type=\"wp-page\" data-elementor-id=\"11101\" class=\"elementor elementor-11101 elementor-11100\" data-elementor-post-type=\"page\">\n\t\t\t\t\t\t<section class=\"elementor-section elementor-top-section elementor-element elementor-element-46aa6a8a elementor-section-boxed elementor-section-height-default elementor-section-height-default\" data-id=\"46aa6a8a\" data-element_type=\"section\">\n\t\t\t\t\t\t<div class=\"elementor-container elementor-column-gap-default\">\n\t\t\t\t\t<div class=\"elementor-column elementor-col-100 elementor-top-column elementor-element elementor-element-252cbbf0\" data-id=\"252cbbf0\" data-element_type=\"column\">\n\t\t\t<div class=\"elementor-widget-wrap elementor-element-populated\">\n\t\t\t\t\t\t<div class=\"elementor-element elementor-element-77702149 elementor-widget elementor-widget-text-editor\" data-id=\"77702149\" data-element_type=\"widget\" data-widget_type=\"text-editor.default\">\n\t\t\t\t<div class=\"elementor-widget-container\">\n\t\t\t\t\t\t\t\t\t<p><strong>NFORMATIVA SUL TRATTAMENTO DEI DATI PERSONALI<br \/>art. 13 del Regolamento UE 2016\/679<\/strong><\/p><p>Il Regolamento Europeo UE 2016\/679 stabilisce norme relative alla protezione delle persone fisiche con riguardo al trattamento dei dati personali e alla libera circolazione di tali dati. In osservanza al principio di trasparenza (art. 5), la Parco Zoo Punta Verde S.r.l., in qualit\u00e0 di titolare del trattamento, Le fornisce le seguenti informazioni ai sensi dell\u2019art. 13 del Regolamento:<\/p><p><span class=\"arancione\"><strong>Dati di contatto del titolare del trattamento<\/strong><\/span><br \/>Parco Zoo Punta Verde S.r.l.<br \/>Via G. Scerbanenco, 19\/1 \u2013 33054 Lignano Sabbiadoro (UD)<br \/>+39 0431 428775<br \/>info@parcozoopuntaverde.it<br \/>PEC info@cert.parcozoopuntaverde.it<\/p><p><span class=\"arancione\"><strong>Modalit\u00e0 di trattamento<\/strong><\/span><\/p><p>Il Titolare adotta le opportune misure di sicurezza volte ad impedire l\u2019accesso, la divulgazione, la modifica o la distruzione non autorizzate dei dati personali.\u00a0<br \/>Il trattamento viene effettuato mediante strumenti informatici e\/o telematici, con modalit\u00e0 organizzative e con logiche strettamente correlate alle finalit\u00e0 indicate. Oltre al Titolare, in alcuni casi, potrebbero avere accesso ai dati altri soggetti coinvolti nell\u2019organizzazione di questo sito Web (personale amministrativo,\u00a0marketing, legali, amministratori di sistema) ovvero soggetti esterni (come fornitori di servizi tecnici terzi,\u00a0hosting provider, societ\u00e0 informatiche, agenzie di comunicazione) nominati anche, se necessario, Responsabili del Trattamento da parte del Titolare. L\u2019elenco aggiornato dei Responsabili potr\u00e0 sempre essere richiesto al Titolare del Trattamento.<\/p><p>I dati sono trattati presso le sedi operative del Titolare ed in ogni altro luogo in cui le parti coinvolte nel trattamento siano localizzate. Per ulteriori informazioni, contatti il Titolare del trattamento ai recapiti sopraindicati.\u00a0<\/p><p><span class=\"arancione\"><strong>Finalit\u00e0 del trattamento e base giuridica<\/strong><\/span><br \/>I dati personali da Lei forniti volontariamente (nome, cognome, e-mail) tramite i form presenti sul ns. sito web saranno trattati, sia con mezzi cartacei che informatici, nel rispetto delle disposizioni in materia di protezione dei dati personali e in particolare delle misure tecniche e organizzative adeguate di cui all\u2019art. 32.1 del Regolamento, per le seguenti finalit\u00e0:<br \/><br \/><strong>A.<\/strong> Finalit\u00e0 di servizio:<\/p><p>1- l\u2019esecuzione del contratto o l\u2019adempimento di impegni precontrattuali: <br \/>adempiere agli obblighi precontrattuali, contrattuali e fiscali derivanti da rapporti con Voi in essere; <br \/>permetterVi la registrazione al Sito;\u00a0 <br \/>processare e gestire gli ordini ricevuti e\/o gli acquisti effettuati online;\u00a0 <br \/>processare una richiesta di contatto;\u00a0 <br \/>permetterVi la candidatura online e processarLa;\u00a0 <br \/>gestire e manutenere il Sito;\u00a0 adempiere agli obblighi previsti dalla legge, da un regolamento, dalla normativa comunitaria o da un ordine dell\u2019Autorit\u00e0;\u00a0 <br \/>prevenire o scoprire attivit\u00e0 fraudolente o abusi dannosi per il Sito;\u00a0 <br \/>esercitare i diritti del Titolare, ad esempio il diritto di difesa in giudizio;\u00a0 <br \/>prevenire o scoprire attivit\u00e0 fraudolente o abusi dannosi per il Sito. <br \/>2) il perseguimento di un legittimo interesse del Titolare, in particolare:\u00a0 <br \/>analizzare i cookie \u2013 come indicato nella <strong>Cookie Policy<\/strong> disponibile al link https:\/\/www.parcozoopuntaverde.it\/cookie-policy derivanti dall\u2019uso che fate del Sito;<br \/>prevenire o scoprire attivit\u00e0 fraudolente o abusi dannosi per il Sito;\u00a0 <br \/>adempiere agli obblighi previsti dalla legge, da un regolamento, dalla normativa comunitaria o da un ordine dell\u2019Autorit\u00e0;\u00a0 <br \/>esercitare i diritti del Titolare, ad esempio il diritto di difesa in giudizio;\u00a0 <br \/>inviarVi comunicazioni commerciali relative a servizi e prodotti del Titolare analoghi a quelli di cui avete gi\u00e0 usufruito, se siete gi\u00e0 nostri clienti. <\/p><p>A mero titolo di esempio:<br \/>Contattaci, prenotazione attivit\u00e0 scuole, prenotazione attivit\u00e0 centri estivi, prenotazione attivit\u00e0 disabili, prenotazione sensory bag, obiettivo zoo, lavora con noi<\/p><p><strong>B.<\/strong> solo previo Vostro consenso, per: <strong>finalit\u00e0 di marketing<\/strong><br \/>\u00a0<br \/>inviarVi via e-mail newsletter, comunicazioni commerciali e\/o materiale pubblicitario su prodotti o servizi del Titolare.<\/p><p>La base giuridica relativa alle finalit\u00e0 di cui al punto A \u00e8 l\u2019esecuzione di misure precontrattuali adottate su richiesta dell\u2019interessato. La comunicazione dei dati \u00e8 un requisito necessario per l\u2019esecuzione di misure precontrattuali o contrattuali, il mancato conferimento degli stessi comporter\u00e0 l\u2019impossibilit\u00e0 per la scrivente di rispondere alle Sue richieste ed offrirle i ns. servizi.<br \/>La base giuridica relativa alle finalit\u00e0 di cui al punto B \u00e8 il consenso liberamente espresso che pu\u00f2 essere da Lei revocato in qualsiasi momento senza pregiudicare la liceit\u00e0 del trattamento basata sul consenso prestato prima della revoca.<\/p><p><span class=\"arancione\"><strong>Trasferimenti a un paese terzo<\/strong><\/span><br \/>I dati non sono oggetto di trasferimento in paesi terzi\/organizzazioni internazionali.<\/p><p><span class=\"arancione\"><strong>Periodo di conservazione dei dati<\/strong><\/span><br \/>I dati personali necessari per la finalit\u00e0 di cui al punto 1) 2) 3) saranno conservati per la durata dei rapporti contrattuali instaurati ed anche successivamente in conformit\u00e0 alle norme sulla conservazione della documentazione amministrativa per l\u2019espletamento di tutti gli adempimenti di legge riconducibili a obblighi fiscali, contabili e amministrativi.<br \/>I dati personali relativi alle finalit\u00e0 di cui al punto 4) saranno conservati fino a revoca del consenso.<\/p><p><span class=\"arancione\"><strong>Diritti dell\u2019interessato<\/strong><\/span><br \/>In qualit\u00e0 di interessato, potr\u00e0 esercitare i suoi diritti (artt. 15-22 del Regolamento Europeo UE 2016\/679) in ogni momento inviando una comunicazione via e-mail ai recapiti di contatto sopra indicati. In particolare, Lei avr\u00e0 il diritto di chiedere:<\/p><ul><li>l\u2019accesso ai dati personali;<\/li><li>la loro rettifica;<\/li><li>la cancellazione;<\/li><li>la limitazione del loro trattamento;<\/li><li>il diritto di opporsi al loro trattamento;<\/li><li>il diritto alla portabilit\u00e0 dei dati, ossia il diritto di ricevere in un formato strutturato, di uso comune e leggibile da dispositivo automatico, i dati personali da Lei forniti.<\/li><\/ul><p><span class=\"arancione\"><strong>Reclamo all\u2019autorit\u00e0 di controllo<\/strong><\/span><br \/>Ricorrendone i presupposti, lei ha il diritto di proporre reclamo al Garante per la protezione dei dati quale autorit\u00e0 di controllo. Per conoscere le modalit\u00e0 di reclamo pu\u00f2 visitare il seguente link: http:\/\/www.garanteprivacy.it\/web\/guest\/home<\/p><p><span class=\"arancione\"><strong>Processo decisionale automatizzato<\/strong><\/span><br \/>Il titolare del trattamento non utilizza processi decisionali automatizzati, compresa la profilazione.<\/p><p><\/p>\t\t\t\t\t\t\t\t<\/div>\n\t\t\t\t<\/div>\n\t\t\t\t\t<\/div>\n\t\t<\/div>\n\t\t\t\t\t<\/div>\n\t\t<\/section>\n\t\t\t\t<\/div>\n\t\t","protected":false},"excerpt":{"rendered":"<p>NFORMATIVA SUL TRATTAMENTO DEI DATI PERSONALIart. 13 del Regolamento UE 2016\/679 Il Regolamento Europeo UE 2016\/679 stabilisce norme relative alla protezione delle persone fisiche con riguardo al trattamento dei dati personali e alla libera circolazione di tali dati. In osservanza al principio di trasparenza (art. 5), la Parco Zoo Punta Verde S.r.l., in qualit\u00e0 di [&hellip;]<\/p>\n","protected":false},"author":2,"featured_media":0,"parent":0,"menu_order":0,"comment_status":"closed","ping_status":"closed","template":"","meta":{"_acf_changed":false,"_mo_disable_npp":"","footnotes":""},"class_list":["post-11101","page","type-page","status-publish","hentry"],"acf":[],"_links":{"self":[{"href":"https:\/\/www.parcozoopuntaverde.it\/en\/wp-json\/wp\/v2\/pages\/11101","targetHints":{"allow":["GET"]}}],"collection":[{"href":"https:\/\/www.parcozoopuntaverde.it\/en\/wp-json\/wp\/v2\/pages"}],"about":[{"href":"https:\/\/www.parcozoopuntaverde.it\/en\/wp-json\/wp\/v2\/types\/page"}],"author":[{"embeddable":true,"href":"https:\/\/www.parcozoopuntaverde.it\/en\/wp-json\/wp\/v2\/users\/2"}],"replies":[{"embeddable":true,"href":"https:\/\/www.parcozoopuntaverde.it\/en\/wp-json\/wp\/v2\/comments?post=11101"}],"version-history":[{"count":1,"href":"https:\/\/www.parcozoopuntaverde.it\/en\/wp-json\/wp\/v2\/pages\/11101\/revisions"}],"predecessor-version":[{"id":11103,"href":"https:\/\/www.parcozoopuntaverde.it\/en\/wp-json\/wp\/v2\/pages\/11101\/revisions\/11103"}],"wp:attachment":[{"href":"https:\/\/www.parcozoopuntaverde.it\/en\/wp-json\/wp\/v2\/media?parent=11101"}],"curies":[{"name":"wp","href":"https:\/\/api.w.org\/{rel}","templated":true}]}}