{"id":7831,"date":"2023-02-03T09:35:38","date_gmt":"2023-02-03T09:35:38","guid":{"rendered":"https:\/\/www.parcozoopuntaverde.it\/ticket-prices\/extra\/"},"modified":"2026-01-09T17:10:32","modified_gmt":"2026-01-09T17:10:32","slug":"extra","status":"publish","type":"page","link":"https:\/\/www.parcozoopuntaverde.it\/en\/tariffe\/extra\/","title":{"rendered":"Extra"},"content":{"rendered":"\t\t<div data-elementor-type=\"wp-page\" data-elementor-id=\"7831\" class=\"elementor elementor-7831 elementor-4705\" data-elementor-post-type=\"page\">\n\t\t\t\t\t\t<section class=\"elementor-section elementor-top-section elementor-element elementor-element-80217a7 elementor-section-height-min-height elementor-section-boxed elementor-section-height-default elementor-section-items-middle\" data-id=\"80217a7\" data-element_type=\"section\" data-settings=\"{&quot;background_background&quot;:&quot;classic&quot;}\">\n\t\t\t\t\t\t\t<div class=\"elementor-background-overlay\"><\/div>\n\t\t\t\t\t\t\t<div class=\"elementor-container elementor-column-gap-default\">\n\t\t\t\t\t<div class=\"elementor-column elementor-col-100 elementor-top-column elementor-element elementor-element-72f05f2\" data-id=\"72f05f2\" data-element_type=\"column\" data-settings=\"{&quot;background_background&quot;:&quot;classic&quot;}\">\n\t\t\t<div class=\"elementor-widget-wrap elementor-element-populated\">\n\t\t\t\t\t\t<div class=\"elementor-element elementor-element-0ee649f e-transform elementor-widget elementor-widget-heading\" data-id=\"0ee649f\" data-element_type=\"widget\" data-settings=\"{&quot;_transform_rotateZ_effect&quot;:{&quot;unit&quot;:&quot;px&quot;,&quot;size&quot;:-6,&quot;sizes&quot;:[]},&quot;_transform_rotateZ_effect_tablet&quot;:{&quot;unit&quot;:&quot;deg&quot;,&quot;size&quot;:&quot;&quot;,&quot;sizes&quot;:[]},&quot;_transform_rotateZ_effect_mobile&quot;:{&quot;unit&quot;:&quot;deg&quot;,&quot;size&quot;:&quot;&quot;,&quot;sizes&quot;:[]}}\" data-widget_type=\"heading.default\">\n\t\t\t\t<div class=\"elementor-widget-container\">\n\t\t\t\t\t<h1 class=\"elementor-heading-title elementor-size-default\">TARIFFE GRUPPI<br>2026<\/h1>\t\t\t\t<\/div>\n\t\t\t\t<\/div>\n\t\t\t\t\t<\/div>\n\t\t<\/div>\n\t\t\t\t\t<\/div>\n\t\t<\/section>\n\t\t\t\t<section class=\"elementor-section elementor-top-section elementor-element elementor-element-8cc5f5e elementor-section-boxed elementor-section-height-default elementor-section-height-default\" data-id=\"8cc5f5e\" data-element_type=\"section\" data-settings=\"{&quot;background_background&quot;:&quot;classic&quot;}\">\n\t\t\t\t\t\t\t<div class=\"elementor-background-overlay\"><\/div>\n\t\t\t\t\t\t\t<div class=\"elementor-container elementor-column-gap-default\">\n\t\t\t\t\t<div class=\"elementor-column elementor-col-100 elementor-top-column elementor-element elementor-element-18f1f9c\" data-id=\"18f1f9c\" data-element_type=\"column\">\n\t\t\t<div class=\"elementor-widget-wrap elementor-element-populated\">\n\t\t\t\t\t\t<div class=\"elementor-element elementor-element-9f6ec41 elementor-widget elementor-widget-heading\" data-id=\"9f6ec41\" data-element_type=\"widget\" data-widget_type=\"heading.default\">\n\t\t\t\t<div class=\"elementor-widget-container\">\n\t\t\t\t\t<h2 class=\"elementor-heading-title elementor-size-default\">Tariffe gruppi 2026<\/h2>\t\t\t\t<\/div>\n\t\t\t\t<\/div>\n\t\t\t\t<div class=\"elementor-element elementor-element-f6ab954 elementor-widget elementor-widget-text-editor\" data-id=\"f6ab954\" data-element_type=\"widget\" data-widget_type=\"text-editor.default\">\n\t\t\t\t<div class=\"elementor-widget-container\">\n\t\t\t\t\t\t\t\t\t<ul><li>Il biglietto di ingresso\u00a0<strong>NON consente di suddividere la visita nell&#8217;arco della giornata<\/strong>. Eventuali uscite temporanee potranno essere accordate dal personale alla cassa, a suo insindacabile giudizio.<\/li><li>Il personale alla cassa, se necessario, ha facolt\u00e0 di richiedere un documento di identit\u00e0 per\u00a0<strong>verificare l&#8217;et\u00e0 dei bambini<\/strong>.<\/li><li>Il biglietto\u00a0<strong>NON \u00e8 rimborsabile<\/strong>\u00a0n\u00e9 riutilizzabile, anche in caso di condizioni meteo avverse.<\/li><li>L&#8217;ingresso dei ragazzi<strong>\u00a0inferiori ai 16 anni<\/strong>\u00a0\u00e8 consentito solo se accompagnati da un adulto maggiorenne.<\/li><li>I\u00a0<strong>tagliandi sconto o omaggio<\/strong>\u00a0devono essere presentati alla cassa prima della richiesta del biglietto, pena la decadenza degli stessi e sono applicabili unicamente alle tariffe individuali.<\/li><li>Ai fini della validit\u00e0, le\u00a0<strong>tessere<\/strong>\u00a0&#8220;Parco-Zoo&#8221; e gli\u00a0<strong>abbonamenti<\/strong>\u00a0devono essere accompagnati da un\u00a0<strong>documento di identit\u00e0<\/strong>\u00a0che ne attesti il titolo al loro utilizzo.<\/li><li>I\u00a0<strong>cani non sono ammessi<\/strong>\u00a0all&#8217;interno del Parco. E&#8217; disponibile gratuitamente e fino ad esaurimento la custodia in box singoli.<\/li><\/ul>\t\t\t\t\t\t\t\t<\/div>\n\t\t\t\t<\/div>\n\t\t\t\t<div class=\"elementor-element elementor-element-d6ad6aa elementor-widget-divider--view-line elementor-widget elementor-widget-divider\" data-id=\"d6ad6aa\" data-element_type=\"widget\" data-widget_type=\"divider.default\">\n\t\t\t\t<div class=\"elementor-widget-container\">\n\t\t\t\t\t\t\t<div class=\"elementor-divider\">\n\t\t\t<span class=\"elementor-divider-separator\">\n\t\t\t\t\t\t<\/span>\n\t\t<\/div>\n\t\t\t\t\t\t<\/div>\n\t\t\t\t<\/div>\n\t\t\t\t<div class=\"elementor-element elementor-element-2338454 elementor-widget elementor-widget-heading\" data-id=\"2338454\" data-element_type=\"widget\" data-widget_type=\"heading.default\">\n\t\t\t\t<div class=\"elementor-widget-container\">\n\t\t\t\t\t<h2 class=\"elementor-heading-title elementor-size-default\">COMITIVE <span style=\"font-size: 0.7em\">(min. 30 pax paganti - prenotazione obbligatoria 3 gg prima)<\/h2>\t\t\t\t<\/div>\n\t\t\t\t<\/div>\n\t\t\t\t<div class=\"elementor-element elementor-element-6c94a57 elementor-widget elementor-widget-text-editor\" data-id=\"6c94a57\" data-element_type=\"widget\" data-widget_type=\"text-editor.default\">\n\t\t\t\t<div class=\"elementor-widget-container\">\n\t\t\t\t\t\t\t\t\t<table class=\"elementor-widget-heading\">\n<tbody>\n<tr>\n<td>\n<h2 class=\"elementor-heading-title\">Adulti<\/h2>\n<\/td>\n<td>&nbsp;<\/td>\n<td><b>15 \u20ac<\/b><\/td>\n<\/tr>\n<tr>\n<td>\n<h2 class=\"elementor-heading-title\">Bambini<\/h2>\n<\/td>\n<td>da 3 a 11 anni<\/td>\n<td><b>10 \u20ac<\/b><\/td>\n<\/tr>\n<tr>\n<td>\n<h2 class=\"elementor-heading-title\">Accompagnatori<\/h2>\n<\/td>\n<td>1 ogni 20 max<\/td>\n<td><b>gratuito<\/b><\/td>\n<\/tr>\n<\/tbody>\n<\/table>\t\t\t\t\t\t\t\t<\/div>\n\t\t\t\t<\/div>\n\t\t\t\t<div class=\"elementor-element elementor-element-ce2107e elementor-widget elementor-widget-heading\" data-id=\"ce2107e\" data-element_type=\"widget\" data-widget_type=\"heading.default\">\n\t\t\t\t<div class=\"elementor-widget-container\">\n\t\t\t\t\t<h2 class=\"elementor-heading-title elementor-size-default\">SCUOLE INFANZIA-PRIMARIE-SECONDARIE <span style=\"font-size: 0.7em\">(tariffe applicabili solo nel periodo scolastico (fino al 30.06 E DAL 10.09.2026) dal luned\u00ec al venerd\u00ec, festivi esclusi-prenotazione obbligatoria)<\/span><\/h2>\t\t\t\t<\/div>\n\t\t\t\t<\/div>\n\t\t\t\t<div class=\"elementor-element elementor-element-dd418ed elementor-widget elementor-widget-text-editor\" data-id=\"dd418ed\" data-element_type=\"widget\" data-widget_type=\"text-editor.default\">\n\t\t\t\t<div class=\"elementor-widget-container\">\n\t\t\t\t\t\t\t\t\t<table class=\"elementor-widget-heading\"><tbody><tr><td><h2 class=\"elementor-heading-title\">Adulti<\/h2><\/td><td>\u00a0<\/td><td><b>13 \u20ac<\/b><\/td><\/tr><tr><td><h2 class=\"elementor-heading-title\">Studenti<\/h2><\/td><td>\u00a0<\/td><td><b>10 \u20ac<\/b><\/td><\/tr><tr><td><h2 class=\"elementor-heading-title\">Insegnanti<\/h2><\/td><td>rapporto max 1:10<\/td><td><b>gratuito<\/b><\/td><\/tr><\/tbody><\/table>\t\t\t\t\t\t\t\t<\/div>\n\t\t\t\t<\/div>\n\t\t\t\t<div class=\"elementor-element elementor-element-d34b292 elementor-widget elementor-widget-heading\" data-id=\"d34b292\" data-element_type=\"widget\" data-widget_type=\"heading.default\">\n\t\t\t\t<div class=\"elementor-widget-container\">\n\t\t\t\t\t<h2 class=\"elementor-heading-title elementor-size-default\">COMITIVE DISABILI <span style=\"font-size: 0.7em\">(prenotazione obbligatoria)<\/h2>\t\t\t\t<\/div>\n\t\t\t\t<\/div>\n\t\t\t\t<div class=\"elementor-element elementor-element-0a3adb6 elementor-widget elementor-widget-text-editor\" data-id=\"0a3adb6\" data-element_type=\"widget\" data-widget_type=\"text-editor.default\">\n\t\t\t\t<div class=\"elementor-widget-container\">\n\t\t\t\t\t\t\t\t\t<p>Tali tariffe agevolate sono rivolte a comitive di\u00a0 persone con\u00a0<strong>gravi disabilit\u00e0 fisiche<\/strong>\u00a0e\/o<strong>\u00a0cognitive<\/strong>\u00a0tali da compromettere\u00a0il normale svolgimento della visita. Per accedere alle tariffe comitive disabili <strong>\u00e8 necessario appartenere<\/strong> ad Associazioni, Cooperative, Aziende sanitarie, ecc. e inviare <strong>preventivamente<\/strong> (via e-mail info@parcozoopuntaverde.it) <strong>lettera di presentazione<\/strong> con la composizione del gruppo e l&#8217;indicazione della tipologia e <strong>grado di disabilit\u00e0<\/strong>, che verr\u00e0 valutata dalla direzione al fine dell&#8217;applicazione della tariffa.<\/p>\t\t\t\t\t\t\t\t<\/div>\n\t\t\t\t<\/div>\n\t\t\t\t<div class=\"elementor-element elementor-element-59354b2 elementor-widget elementor-widget-text-editor\" data-id=\"59354b2\" data-element_type=\"widget\" data-widget_type=\"text-editor.default\">\n\t\t\t\t<div class=\"elementor-widget-container\">\n\t\t\t\t\t\t\t\t\t<table class=\"elementor-widget-heading\">\n<tbody>\n<tr>\n<td>\n<h2 class=\"elementor-heading-title\">Disabili<\/h2>\n<\/td>\n<td><\/td>\n<td><b>5 \u20ac<\/b><\/td>\n<\/tr>\n<tr>\n<td>\n<h2 class=\"elementor-heading-title\">Accompagnatori<\/h2>\n<\/td>\n<td>rapporto max 1:1<\/td>\n<td><b>5 \u20ac<\/b><\/td>\n<\/tr>\n\n<\/tbody>\n<\/table>\t\t\t\t\t\t\t\t<\/div>\n\t\t\t\t<\/div>\n\t\t\t\t<div class=\"elementor-element elementor-element-ea26a96 elementor-widget elementor-widget-text-editor\" data-id=\"ea26a96\" data-element_type=\"widget\" data-widget_type=\"text-editor.default\">\n\t\t\t\t<div class=\"elementor-widget-container\">\n\t\t\t\t\t\t\t\t\t<p>Ad eventuali persone extra verranno applicate le tariffe\u00a0per comitive solo in caso di gruppi composti da almeno 30 persone\u00a0paganti<\/p>\t\t\t\t\t\t\t\t<\/div>\n\t\t\t\t<\/div>\n\t\t\t\t<section class=\"elementor-section elementor-inner-section elementor-element elementor-element-ebb2a6c elementor-section-boxed elementor-section-height-default elementor-section-height-default\" data-id=\"ebb2a6c\" data-element_type=\"section\">\n\t\t\t\t\t\t<div class=\"elementor-container elementor-column-gap-default\">\n\t\t\t\t\t<div class=\"elementor-column elementor-col-50 elementor-inner-column elementor-element elementor-element-9b752d0\" data-id=\"9b752d0\" data-element_type=\"column\">\n\t\t\t<div class=\"elementor-widget-wrap elementor-element-populated\">\n\t\t\t\t\t\t<div class=\"elementor-element elementor-element-da9c814 elementor-widget elementor-widget-heading\" data-id=\"da9c814\" data-element_type=\"widget\" data-widget_type=\"heading.default\">\n\t\t\t\t<div class=\"elementor-widget-container\">\n\t\t\t\t\t<h2 class=\"elementor-heading-title elementor-size-default\">ATTIVITA' DIDATTICHE<\/h2>\t\t\t\t<\/div>\n\t\t\t\t<\/div>\n\t\t\t\t<div class=\"elementor-element elementor-element-31277d6 elementor-widget elementor-widget-text-editor\" data-id=\"31277d6\" data-element_type=\"widget\" data-widget_type=\"text-editor.default\">\n\t\t\t\t<div class=\"elementor-widget-container\">\n\t\t\t\t\t\t\t\t\t<p>Alle tariffe delle attivit\u00e0 didattiche va aggiunto il biglietto di ingresso. Le attivit\u00e0 si svolgono da luned\u00ec al venerd\u00ec esclusi i giorni festivi.<\/p><p><strong>Visite guidate (max 25 alunni\/studenti-prenotazione obbligatoria)<\/strong><\/p>\t\t\t\t\t\t\t\t<\/div>\n\t\t\t\t<\/div>\n\t\t\t\t<div class=\"elementor-element elementor-element-844df3f elementor-widget elementor-widget-text-editor\" data-id=\"844df3f\" data-element_type=\"widget\" data-widget_type=\"text-editor.default\">\n\t\t\t\t<div class=\"elementor-widget-container\">\n\t\t\t\t\t\t\t\t\t<table class=\"elementor-widget-heading\"><tbody><tr><td><h2 class=\"elementor-heading-title\">Scuole primarie-secondarie<\/h2><\/td><td>durata h. 1.30<\/td><td><b>70,00 \u20ac<\/b><\/td><\/tr><\/tbody><\/table>\t\t\t\t\t\t\t\t<\/div>\n\t\t\t\t<\/div>\n\t\t\t\t<div class=\"elementor-element elementor-element-819c132 elementor-widget elementor-widget-text-editor\" data-id=\"819c132\" data-element_type=\"widget\" data-widget_type=\"text-editor.default\">\n\t\t\t\t<div class=\"elementor-widget-container\">\n\t\t\t\t\t\t\t\t\t<p><strong>Laboratori (max 25 alunni\/studenti-prenotazione obbligatoria)<\/strong><\/p>\t\t\t\t\t\t\t\t<\/div>\n\t\t\t\t<\/div>\n\t\t\t\t<div class=\"elementor-element elementor-element-2ead604 elementor-widget elementor-widget-text-editor\" data-id=\"2ead604\" data-element_type=\"widget\" data-widget_type=\"text-editor.default\">\n\t\t\t\t<div class=\"elementor-widget-container\">\n\t\t\t\t\t\t\t\t\t<table class=\"elementor-widget-heading\">\n<tbody>\n<tr>\n<td>\n<h2 class=\"elementor-heading-title\">\nInfanzia solo penultimo e ultimo anno<\/h2>\n<\/td>\n<td>durata h. 1.00<\/td>\n<td><b>70,00 \u20ac<\/b><\/td>\n<\/tr>\n<tr>\n<td>\n<h2 class=\"elementor-heading-title\">\nScuole primarie-secondarie<\/h2>\n<\/td>\n<td>durata h. 1.30<\/td>\n<td><b>70,00 \u20ac<\/b><\/td>\n<\/tr>\n<\/tbody>\n<\/table>\t\t\t\t\t\t\t\t<\/div>\n\t\t\t\t<\/div>\n\t\t\t\t<div class=\"elementor-element elementor-element-d349580 elementor-widget elementor-widget-text-editor\" data-id=\"d349580\" data-element_type=\"widget\" data-widget_type=\"text-editor.default\">\n\t\t\t\t<div class=\"elementor-widget-container\">\n\t\t\t\t\t\t\t\t\t<p><strong>e-Learning (max 25 alunni\/studenti-prenotazione obbligatoria)<\/strong><\/p>\t\t\t\t\t\t\t\t<\/div>\n\t\t\t\t<\/div>\n\t\t\t\t<div class=\"elementor-element elementor-element-8662619 elementor-widget elementor-widget-text-editor\" data-id=\"8662619\" data-element_type=\"widget\" data-widget_type=\"text-editor.default\">\n\t\t\t\t<div class=\"elementor-widget-container\">\n\t\t\t\t\t\t\t\t\t<table class=\"elementor-widget-heading\"><tbody><tr><td><h2 class=\"elementor-heading-title\">Scuole primarie-secondarie<\/h2><\/td><td>durata h. 0:50<\/td><td><b>60,00 \u20ac<\/b><\/td><\/tr><tr><td><h2 class=\"elementor-heading-title\">Scuole primarie-secondarie<\/h2><\/td><td>2 incontri durata h 0:50 l&#8217;uno<\/td><td><b>100,00 \u20ac<\/b><\/td><\/tr><\/tbody><\/table>\t\t\t\t\t\t\t\t<\/div>\n\t\t\t\t<\/div>\n\t\t\t\t\t<\/div>\n\t\t<\/div>\n\t\t\t\t<div class=\"elementor-column elementor-col-50 elementor-inner-column elementor-element elementor-element-cd4a4b2\" data-id=\"cd4a4b2\" data-element_type=\"column\">\n\t\t\t<div class=\"elementor-widget-wrap elementor-element-populated\">\n\t\t\t\t\t\t<div class=\"elementor-element elementor-element-06e04ce elementor-widget elementor-widget-heading\" data-id=\"06e04ce\" data-element_type=\"widget\" data-widget_type=\"heading.default\">\n\t\t\t\t<div class=\"elementor-widget-container\">\n\t\t\t\t\t<h2 class=\"elementor-heading-title elementor-size-default\">LA NATURA E' DI TUTTI<\/h2>\t\t\t\t<\/div>\n\t\t\t\t<\/div>\n\t\t\t\t<div class=\"elementor-element elementor-element-44da88f elementor-widget elementor-widget-text-editor\" data-id=\"44da88f\" data-element_type=\"widget\" data-widget_type=\"text-editor.default\">\n\t\t\t\t<div class=\"elementor-widget-container\">\n\t\t\t\t\t\t\t\t\t<p>Attivit\u00e0 dedicate alle comitive di disabili max 8 partecipanti-prenotazione obbligatoria<br \/><br \/><br \/><\/p>\t\t\t\t\t\t\t\t<\/div>\n\t\t\t\t<\/div>\n\t\t\t\t<div class=\"elementor-element elementor-element-4413104 elementor-widget elementor-widget-text-editor\" data-id=\"4413104\" data-element_type=\"widget\" data-widget_type=\"text-editor.default\">\n\t\t\t\t<div class=\"elementor-widget-container\">\n\t\t\t\t\t\t\t\t\t<p>\u00a0<\/p><table class=\"elementor-widget-heading\" style=\"height: 134px;\" width=\"368\"><tbody><tr><td><h2 class=\"elementor-heading-title\">Laboratorio\/Visita guidata<\/h2><\/td><td>durata h. 1.00<\/td><td><b>70,00 \u20ac<\/b><\/td><\/tr><\/tbody><\/table>\t\t\t\t\t\t\t\t<\/div>\n\t\t\t\t<\/div>\n\t\t\t\t\t<\/div>\n\t\t<\/div>\n\t\t\t\t\t<\/div>\n\t\t<\/section>\n\t\t\t\t\t<\/div>\n\t\t<\/div>\n\t\t\t\t\t<\/div>\n\t\t<\/section>\n\t\t\t\t<\/div>\n\t\t","protected":false},"excerpt":{"rendered":"<p>TARIFFE GRUPPI2026 Tariffe gruppi 2026 Il biglietto di ingresso\u00a0NON consente di suddividere la visita nell&#8217;arco della giornata. Eventuali uscite temporanee potranno essere accordate dal personale alla cassa, a suo insindacabile giudizio. Il personale alla cassa, se necessario, ha facolt\u00e0 di richiedere un documento di identit\u00e0 per\u00a0verificare l&#8217;et\u00e0 dei bambini. Il biglietto\u00a0NON \u00e8 rimborsabile\u00a0n\u00e9 riutilizzabile, anche [&hellip;]<\/p>\n","protected":false},"author":3,"featured_media":0,"parent":7386,"menu_order":0,"comment_status":"closed","ping_status":"closed","template":"","meta":{"_acf_changed":false,"_mo_disable_npp":"","footnotes":""},"class_list":["post-7831","page","type-page","status-publish","hentry"],"acf":[],"_links":{"self":[{"href":"https:\/\/www.parcozoopuntaverde.it\/en\/wp-json\/wp\/v2\/pages\/7831","targetHints":{"allow":["GET"]}}],"collection":[{"href":"https:\/\/www.parcozoopuntaverde.it\/en\/wp-json\/wp\/v2\/pages"}],"about":[{"href":"https:\/\/www.parcozoopuntaverde.it\/en\/wp-json\/wp\/v2\/types\/page"}],"author":[{"embeddable":true,"href":"https:\/\/www.parcozoopuntaverde.it\/en\/wp-json\/wp\/v2\/users\/3"}],"replies":[{"embeddable":true,"href":"https:\/\/www.parcozoopuntaverde.it\/en\/wp-json\/wp\/v2\/comments?post=7831"}],"version-history":[{"count":24,"href":"https:\/\/www.parcozoopuntaverde.it\/en\/wp-json\/wp\/v2\/pages\/7831\/revisions"}],"predecessor-version":[{"id":11406,"href":"https:\/\/www.parcozoopuntaverde.it\/en\/wp-json\/wp\/v2\/pages\/7831\/revisions\/11406"}],"up":[{"embeddable":true,"href":"https:\/\/www.parcozoopuntaverde.it\/en\/wp-json\/wp\/v2\/pages\/7386"}],"wp:attachment":[{"href":"https:\/\/www.parcozoopuntaverde.it\/en\/wp-json\/wp\/v2\/media?parent=7831"}],"curies":[{"name":"wp","href":"https:\/\/api.w.org\/{rel}","templated":true}]}}